{"id":93,"date":"2020-04-03T22:36:31","date_gmt":"2020-04-04T01:36:31","guid":{"rendered":"https:\/\/www.centralprojetores.com.br\/loja\/?post_type=product&#038;p=93"},"modified":"2020-08-16T02:19:52","modified_gmt":"2020-08-16T05:19:52","slug":"tela-de-projecao-retratil-serie-a-trm200sa-200-x-200","status":"publish","type":"product","link":"https:\/\/centralprojetores.com.br\/loja\/produto\/tela-de-projecao-retratil-serie-a-trm200sa-200-x-200","title":{"rendered":"TELA PROJE\u00c7\u00c3O RETR\u00c1TIL 200 X 200"},"content":{"rendered":"<p><strong>Tela de Proje\u00e7\u00e3o Retr\u00e1til<\/strong><\/p>\n<p>As telas de proje\u00e7\u00e3o retr\u00e1til TES possuem mecanismo de acionamento manual, com enrolamento autom\u00e1tico e tensionamento vertical por mola, sistema de travamento do tecido que permite o ajuste de altura em m\u00faltiplas posi\u00e7\u00f5es e tensionamento do tecido.<\/p>\n<p>As telas podem ser fixada no teto ou na parede, possuem estojo met\u00e1lico com acabamento superficial em pintura eletrost\u00e1tica resistente riscos e a corros\u00e3o, garantindo maior durabilidade ao produto.<\/p>\n<p>Possuem superf\u00edcie de proje\u00e7\u00e3o em tecido do tipo &#8220;Mate White&#8221; (branco opaco), com ganho de brilho de 1,1 a 1,5 vezes, com bordas pretas que proporcionam o perfeito enquadramento da imagem para um melhor resultado visual. O tecido permite limpeza superficial com sab\u00e3o neutro e \u00e1gua.<\/p>\n<p>&nbsp;<\/p>\n<p>&nbsp;<\/p>\n<p>&nbsp;<\/p>\n<p>&nbsp;<\/p>\n","protected":false},"excerpt":{"rendered":"<p><strong>TRM200SA<\/strong><br \/>\n\u2022 Formato: 1:1 (quadrada)<br \/>\n\u2022 Diagonal (polegadas): 111&#8243;<br \/>\n\u2022 \u00c1rea de Proje\u00e7\u00e3o: 200 x 200 cm<\/p>\n","protected":false},"featured_media":2072,"comment_status":"open","ping_status":"closed","template":"","meta":[],"product_brand":[],"product_cat":[230],"product_tag":[],"class_list":{"0":"post-93","1":"product","2":"type-product","3":"status-publish","4":"has-post-thumbnail","6":"product_cat-telas-de-projecao","8":"first","9":"outofstock","10":"taxable","11":"shipping-taxable","12":"product-type-simple"},"aioseo_notices":[],"_links":{"self":[{"href":"https:\/\/centralprojetores.com.br\/loja\/wp-json\/wp\/v2\/product\/93","targetHints":{"allow":["GET"]}}],"collection":[{"href":"https:\/\/centralprojetores.com.br\/loja\/wp-json\/wp\/v2\/product"}],"about":[{"href":"https:\/\/centralprojetores.com.br\/loja\/wp-json\/wp\/v2\/types\/product"}],"replies":[{"embeddable":true,"href":"https:\/\/centralprojetores.com.br\/loja\/wp-json\/wp\/v2\/comments?post=93"}],"wp:featuredmedia":[{"embeddable":true,"href":"https:\/\/centralprojetores.com.br\/loja\/wp-json\/wp\/v2\/media\/2072"}],"wp:attachment":[{"href":"https:\/\/centralprojetores.com.br\/loja\/wp-json\/wp\/v2\/media?parent=93"}],"wp:term":[{"taxonomy":"product_brand","embeddable":true,"href":"https:\/\/centralprojetores.com.br\/loja\/wp-json\/wp\/v2\/product_brand?post=93"},{"taxonomy":"product_cat","embeddable":true,"href":"https:\/\/centralprojetores.com.br\/loja\/wp-json\/wp\/v2\/product_cat?post=93"},{"taxonomy":"product_tag","embeddable":true,"href":"https:\/\/centralprojetores.com.br\/loja\/wp-json\/wp\/v2\/product_tag?post=93"}],"curies":[{"name":"wp","href":"https:\/\/api.w.org\/{rel}","templated":true}]}}