{"id":2315,"date":"2023-11-22T13:02:14","date_gmt":"2023-11-22T16:02:14","guid":{"rendered":"https:\/\/centralprojetores.com.br\/loja\/?post_type=product&#038;p=2315"},"modified":"2025-03-12T14:54:59","modified_gmt":"2025-03-12T17:54:59","slug":"lampada-projetor-epson-x36-original-epson","status":"publish","type":"product","link":"https:\/\/centralprojetores.com.br\/loja\/produto\/lampada-projetor-epson-x36-original-epson","title":{"rendered":"L\u00c2MPADA PROJETOR EPSON X36+ (ORIGINAL EPSON)"},"content":{"rendered":"<p>L\u00e2mpada compat\u00edvel, completa com suporte para projetor Epson.<\/p>\n<p><strong>Compat\u00edvel com os seguintes modelos:<\/strong><\/p>\n<p>Epson PowerLite X29<br \/>\nEpson PowerLite W29<br \/>\nEpson PowerLite S27<br \/>\nEpson PowerLite X27<br \/>\nEpson PowerLite S31<br \/>\nEpson PowerLite S31+<br \/>\nEpson PowerLite U32<br \/>\nEpson PowerLite U32+<br \/>\nEpson PowerLite W32<br \/>\nEpson PowerLite W32+<br \/>\nEpson PowerLite X36<br \/>\nEpson PowerLite X36+<br \/>\nEpson PowerLite W04<br \/>\nEpson PowerLite W04+<br \/>\nEpson PowerLite 97H<br \/>\nEpson PowerLite 98H<br \/>\nEpson PowerLite 99WH<br \/>\nEpson PowerLite 955WH<br \/>\nEpson PowerLite 965H<br \/>\nEpson PowerLite 1224<br \/>\nEpson PowerLite 1264<br \/>\nEpson PowerLite 1284<br \/>\nEpson PowerLite Home Cinema 1040<br \/>\nEpson PowerLite Home Cinema 2040<br \/>\nEpson PowerLite Home Cinema 2045<br \/>\nEpson PowerLite Home Cinema 640<br \/>\nEpson PowerLite Home Cinema 740HD<br \/>\nEpson EX3240<br \/>\nEpson EX5240<br \/>\nEpson EX5250<br \/>\nEpson EX7240 Pro<br \/>\nEpson EX9200 Pro<br \/>\nEpson VS240<br \/>\nEpson VS340<br \/>\nEpson VS345<\/p>\n","protected":false},"excerpt":{"rendered":"<p><strong>Modelo: ELPLP88 \/ V13H010L88<\/strong><br \/>\nL\u00e2mpada compat\u00edvel completa<\/p>\n","protected":false},"featured_media":2081,"comment_status":"open","ping_status":"closed","template":"","meta":[],"product_brand":[],"product_cat":[228],"product_tag":[],"class_list":{"0":"post-2315","1":"product","2":"type-product","3":"status-publish","4":"has-post-thumbnail","6":"product_cat-lampadas","8":"first","9":"outofstock","10":"sale","11":"taxable","12":"shipping-taxable","13":"purchasable","14":"product-type-simple"},"aioseo_notices":[],"_links":{"self":[{"href":"https:\/\/centralprojetores.com.br\/loja\/wp-json\/wp\/v2\/product\/2315","targetHints":{"allow":["GET"]}}],"collection":[{"href":"https:\/\/centralprojetores.com.br\/loja\/wp-json\/wp\/v2\/product"}],"about":[{"href":"https:\/\/centralprojetores.com.br\/loja\/wp-json\/wp\/v2\/types\/product"}],"replies":[{"embeddable":true,"href":"https:\/\/centralprojetores.com.br\/loja\/wp-json\/wp\/v2\/comments?post=2315"}],"wp:featuredmedia":[{"embeddable":true,"href":"https:\/\/centralprojetores.com.br\/loja\/wp-json\/wp\/v2\/media\/2081"}],"wp:attachment":[{"href":"https:\/\/centralprojetores.com.br\/loja\/wp-json\/wp\/v2\/media?parent=2315"}],"wp:term":[{"taxonomy":"product_brand","embeddable":true,"href":"https:\/\/centralprojetores.com.br\/loja\/wp-json\/wp\/v2\/product_brand?post=2315"},{"taxonomy":"product_cat","embeddable":true,"href":"https:\/\/centralprojetores.com.br\/loja\/wp-json\/wp\/v2\/product_cat?post=2315"},{"taxonomy":"product_tag","embeddable":true,"href":"https:\/\/centralprojetores.com.br\/loja\/wp-json\/wp\/v2\/product_tag?post=2315"}],"curies":[{"name":"wp","href":"https:\/\/api.w.org\/{rel}","templated":true}]}}