{"id":2301,"date":"2023-09-26T15:31:45","date_gmt":"2023-09-26T18:31:45","guid":{"rendered":"https:\/\/centralprojetores.com.br\/loja\/?post_type=product&#038;p=2301"},"modified":"2025-03-28T11:31:57","modified_gmt":"2025-03-28T14:31:57","slug":"tela-projecao-retratil-106","status":"publish","type":"product","link":"https:\/\/centralprojetores.com.br\/loja\/produto\/tela-projecao-retratil-106","title":{"rendered":"TELA PROJE\u00c7\u00c3O RETR\u00c1TIL 106&#8243;"},"content":{"rendered":"<p><strong>Tela de Proje\u00e7\u00e3o Retr\u00e1til<\/strong><\/p>\n<p>As telas de proje\u00e7\u00e3o retr\u00e1til TES possuem mecanismo de acionamento manual, com enrolamento autom\u00e1tico e tensionamento vertical por mola, sistema de travamento do tecido que permite o ajuste de altura em m\u00faltiplas posi\u00e7\u00f5es e tensionamento do tecido.<\/p>\n<p>As telas podem ser fixada no teto ou na parede, possuem estojo met\u00e1lico com acabamento superficial em pintura eletrost\u00e1tica resistente riscos e a corros\u00e3o, garantindo maior durabilidade ao produto.<\/p>\n<p>Possuem superf\u00edcie de proje\u00e7\u00e3o em tecido do tipo &#8220;Mate White&#8221; (branco opaco), com ganho de brilho de 1,1 a 1,5 vezes, com bordas pretas que proporcionam o perfeito enquadramento da imagem para um melhor resultado visual. O tecido permite limpeza superficial com sab\u00e3o neutro e \u00e1gua.<\/p>\n","protected":false},"excerpt":{"rendered":"<p><strong>TRM106HA<\/strong><br \/>\n\u2022 Formato: 16:9 (Home) &#8211; Widescreen<br \/>\n\u2022 Diagonal (polegadas): 106&#8243;<br \/>\n\u2022 \u00c1rea de Proje\u00e7\u00e3o: 2340mm x 1320mm<\/p>\n<p>&nbsp;<\/p>\n","protected":false},"featured_media":2072,"comment_status":"open","ping_status":"closed","template":"","meta":[],"product_brand":[],"product_cat":[230],"product_tag":[],"class_list":{"0":"post-2301","1":"product","2":"type-product","3":"status-publish","4":"has-post-thumbnail","6":"product_cat-telas-de-projecao","8":"first","9":"outofstock","10":"sale","11":"taxable","12":"shipping-taxable","13":"purchasable","14":"product-type-simple"},"aioseo_notices":[],"_links":{"self":[{"href":"https:\/\/centralprojetores.com.br\/loja\/wp-json\/wp\/v2\/product\/2301","targetHints":{"allow":["GET"]}}],"collection":[{"href":"https:\/\/centralprojetores.com.br\/loja\/wp-json\/wp\/v2\/product"}],"about":[{"href":"https:\/\/centralprojetores.com.br\/loja\/wp-json\/wp\/v2\/types\/product"}],"replies":[{"embeddable":true,"href":"https:\/\/centralprojetores.com.br\/loja\/wp-json\/wp\/v2\/comments?post=2301"}],"wp:featuredmedia":[{"embeddable":true,"href":"https:\/\/centralprojetores.com.br\/loja\/wp-json\/wp\/v2\/media\/2072"}],"wp:attachment":[{"href":"https:\/\/centralprojetores.com.br\/loja\/wp-json\/wp\/v2\/media?parent=2301"}],"wp:term":[{"taxonomy":"product_brand","embeddable":true,"href":"https:\/\/centralprojetores.com.br\/loja\/wp-json\/wp\/v2\/product_brand?post=2301"},{"taxonomy":"product_cat","embeddable":true,"href":"https:\/\/centralprojetores.com.br\/loja\/wp-json\/wp\/v2\/product_cat?post=2301"},{"taxonomy":"product_tag","embeddable":true,"href":"https:\/\/centralprojetores.com.br\/loja\/wp-json\/wp\/v2\/product_tag?post=2301"}],"curies":[{"name":"wp","href":"https:\/\/api.w.org\/{rel}","templated":true}]}}