{"id":2114,"date":"2020-06-15T01:41:26","date_gmt":"2020-06-15T04:41:26","guid":{"rendered":"https:\/\/centralprojetores.com.br\/loja\/?post_type=product&#038;p=2114"},"modified":"2024-09-10T11:31:41","modified_gmt":"2024-09-10T14:31:41","slug":"projetor-epson-s41-2","status":"publish","type":"product","link":"https:\/\/centralprojetores.com.br\/loja\/produto\/projetor-epson-s41-2","title":{"rendered":"PROJETOR EPSON S41+"},"content":{"rendered":"<p><strong>Projetor Port\u00e1til e Confi\u00e1vel com Alto Brilho<\/strong><\/p>\n<p>O PowerLite S41+ \u00e9 a ferramenta ideal para fazer suas apresenta\u00e7\u00f5es. Tecnologia 3LCD que oferece cores at\u00e9 tr\u00eas vezes mais brilhantes. Com 3300 lumens de brilho em cores e 3300 lumens de brilho em branco, al\u00e9m da resolu\u00e7\u00e3o SVGA, o PowerLite S41+ \u00e9 capaz de conquistar qualquer audi\u00eancia. A conectividade HDMI permite assistir a v\u00eddeos com \u00e1udio, utilizando apenas um cabo. O PowerLite S41+ \u00e9 uma \u00f3tima op\u00e7\u00e3o para uso em salas de aula e em ambientes corporativos.<\/p>\n<p>\u2022 Alta qualidade &#8211; Resolu\u00e7\u00e3o nativa SVGA (800 x 600 pixels). Ideal para apresenta\u00e7\u00f5es.<br \/>\n\u2022 Conectividade wireless (opcional)- Para dispositivos mobile utilizando o aplicativo Epson iProjection.<br \/>\n\u2022 L\u00e2mpada com vida \u00fatil de at\u00e9 10.000 horas\u00b3 &#8211; Menor custo de manuten\u00e7\u00e3o.<br \/>\n\u2022 Configura\u00e7\u00e3o f\u00e1cil &#8211; Para instalar rapidamente, utilize a fun\u00e7\u00e3o Quick Corner que ajusta a imagem projetada de forma simples e inteligente.<br \/>\n\u2022 Cores at\u00e9 3 vezes mais brilhantes\u00b9 &#8211; A tecnologia 3LCD de 3 chips permite um contraste mais preciso entre a luz branca e a luz colorida, para proje\u00e7\u00f5es realmente naturais.<\/p>\n","protected":false},"excerpt":{"rendered":"<p><strong>Modelo: V11H842024<\/strong><br \/>\n\u2022 3300 lumens de brilho em cores e branco<br \/>\n\u2022 Resolu\u00e7\u00e3o SVGA (800&#215;600)<br \/>\n\u2022 Conectividade Total: HDMI, VGA, V\u00eddeo Composto e USB<\/p>\n","protected":false},"featured_media":2117,"comment_status":"open","ping_status":"closed","template":"","meta":[],"product_brand":[],"product_cat":[229],"product_tag":[],"class_list":{"0":"post-2114","1":"product","2":"type-product","3":"status-publish","4":"has-post-thumbnail","6":"product_cat-projetores","8":"first","9":"outofstock","10":"taxable","11":"shipping-taxable","12":"product-type-simple"},"aioseo_notices":[],"_links":{"self":[{"href":"https:\/\/centralprojetores.com.br\/loja\/wp-json\/wp\/v2\/product\/2114","targetHints":{"allow":["GET"]}}],"collection":[{"href":"https:\/\/centralprojetores.com.br\/loja\/wp-json\/wp\/v2\/product"}],"about":[{"href":"https:\/\/centralprojetores.com.br\/loja\/wp-json\/wp\/v2\/types\/product"}],"replies":[{"embeddable":true,"href":"https:\/\/centralprojetores.com.br\/loja\/wp-json\/wp\/v2\/comments?post=2114"}],"wp:featuredmedia":[{"embeddable":true,"href":"https:\/\/centralprojetores.com.br\/loja\/wp-json\/wp\/v2\/media\/2117"}],"wp:attachment":[{"href":"https:\/\/centralprojetores.com.br\/loja\/wp-json\/wp\/v2\/media?parent=2114"}],"wp:term":[{"taxonomy":"product_brand","embeddable":true,"href":"https:\/\/centralprojetores.com.br\/loja\/wp-json\/wp\/v2\/product_brand?post=2114"},{"taxonomy":"product_cat","embeddable":true,"href":"https:\/\/centralprojetores.com.br\/loja\/wp-json\/wp\/v2\/product_cat?post=2114"},{"taxonomy":"product_tag","embeddable":true,"href":"https:\/\/centralprojetores.com.br\/loja\/wp-json\/wp\/v2\/product_tag?post=2114"}],"curies":[{"name":"wp","href":"https:\/\/api.w.org\/{rel}","templated":true}]}}