{"id":2101,"date":"2020-06-15T00:28:26","date_gmt":"2020-06-15T03:28:26","guid":{"rendered":"https:\/\/centralprojetores.com.br\/loja\/?post_type=product&#038;p=2101"},"modified":"2024-09-10T11:13:47","modified_gmt":"2024-09-10T14:13:47","slug":"suporte-projetor-com-tripe","status":"publish","type":"product","link":"https:\/\/centralprojetores.com.br\/loja\/produto\/suporte-projetor-com-tripe","title":{"rendered":"SUPORTE PROJETOR COM TRIP\u00c9"},"content":{"rendered":"<p><strong>Suporte de Projetor &#8211; Trip\u00e9<\/strong><\/p>\n<p>Acess\u00f3rio profissional, indispens\u00e1vel para eventos e locais que necessitam uma base firme e ajust\u00e1vel para o projetor, composto de um Trip\u00e9 telesc\u00f3pico e um Suporte universal para projetores.<\/p>\n<p><strong>Caracter\u00edsticas Gerais<\/strong><\/p>\n<p>O Suporte de Projetor com Trip\u00e9, foi projetado e desenvolvido para uso profissional, indispens\u00e1vel para eventos e locais que necessitam uma base firme e ajust\u00e1vel para fixar o projetor.<br \/>\nComposto de um Trip\u00e9 Telesc\u00f3pico e um Suporte universal para projetores, esse acess\u00f3rio garante mobilidade e facilidade em diversos ambientes.<\/p>\n<p><strong>Especifica\u00e7\u00f5es do Trip\u00e9<\/strong><\/p>\n<p>* Trip\u00e9 telesc\u00f3pico com ajuste de altura vari\u00e1vel (80 \u00e0 180cm ou 150 \u00e0 220cm)<br \/>\n* Produto de uso profissional<br \/>\n* Confeccionado com tubo de a\u00e7o carbono<br \/>\n* Pintura ep\u00f3xi de alta resist\u00eancia na cor Preto<br \/>\n* Trava de seguran\u00e7a (pino)<br \/>\n* Suporte universal acoplado<\/p>\n<p><strong>Especifica\u00e7\u00f5es do Suporte<\/strong><\/p>\n<p>* Estrutura em a\u00e7o carbono<br \/>\n* Base girat\u00f3ria de 360\u00b0<br \/>\n* \u00c2ngulo de inclina\u00e7\u00e3o horizontal e vertical de 90\u00b0<br \/>\n* Suporta projetores de at\u00e9 25Kg<br \/>\n* Raio de fixa\u00e7\u00e3o do projetor, vari\u00e1vel de 7,5cm at\u00e9 40cm<br \/>\n* Instala\u00e7\u00e3o f\u00e1cil e pr\u00e1tica<br \/>\n* Design moderno<\/p>\n","protected":false},"excerpt":{"rendered":"<p><strong>Modelo: APS &#8211; 002<\/strong><br \/>\n* Suporte universal<br \/>\n* Dimens\u00f5es (altura do trip\u00e9): 80 \u00e0 180 cm<\/p>\n","protected":false},"featured_media":2057,"comment_status":"open","ping_status":"closed","template":"","meta":[],"product_brand":[],"product_cat":[231],"product_tag":[],"class_list":{"0":"post-2101","1":"product","2":"type-product","3":"status-publish","4":"has-post-thumbnail","6":"product_cat-acessorios","8":"first","9":"outofstock","10":"taxable","11":"shipping-taxable","12":"purchasable","13":"product-type-simple"},"aioseo_notices":[],"_links":{"self":[{"href":"https:\/\/centralprojetores.com.br\/loja\/wp-json\/wp\/v2\/product\/2101","targetHints":{"allow":["GET"]}}],"collection":[{"href":"https:\/\/centralprojetores.com.br\/loja\/wp-json\/wp\/v2\/product"}],"about":[{"href":"https:\/\/centralprojetores.com.br\/loja\/wp-json\/wp\/v2\/types\/product"}],"replies":[{"embeddable":true,"href":"https:\/\/centralprojetores.com.br\/loja\/wp-json\/wp\/v2\/comments?post=2101"}],"wp:featuredmedia":[{"embeddable":true,"href":"https:\/\/centralprojetores.com.br\/loja\/wp-json\/wp\/v2\/media\/2057"}],"wp:attachment":[{"href":"https:\/\/centralprojetores.com.br\/loja\/wp-json\/wp\/v2\/media?parent=2101"}],"wp:term":[{"taxonomy":"product_brand","embeddable":true,"href":"https:\/\/centralprojetores.com.br\/loja\/wp-json\/wp\/v2\/product_brand?post=2101"},{"taxonomy":"product_cat","embeddable":true,"href":"https:\/\/centralprojetores.com.br\/loja\/wp-json\/wp\/v2\/product_cat?post=2101"},{"taxonomy":"product_tag","embeddable":true,"href":"https:\/\/centralprojetores.com.br\/loja\/wp-json\/wp\/v2\/product_tag?post=2101"}],"curies":[{"name":"wp","href":"https:\/\/api.w.org\/{rel}","templated":true}]}}