{"id":2099,"date":"2020-06-15T00:02:28","date_gmt":"2020-06-15T03:02:28","guid":{"rendered":"https:\/\/centralprojetores.com.br\/loja\/?post_type=product&#038;p=2099"},"modified":"2022-02-09T11:27:09","modified_gmt":"2022-02-09T14:27:09","slug":"bolsa-de-transporte-200","status":"publish","type":"product","link":"https:\/\/centralprojetores.com.br\/loja\/produto\/bolsa-de-transporte-200","title":{"rendered":"BOLSA DE TRANSPORTE 200"},"content":{"rendered":"<p><strong>Bolsa de Transporte Para Telas<\/strong><\/p>\n<p><strong>Caracter\u00edsticas Gerais:<\/strong><\/p>\n<p>Bolsa para acondicionamento e transporte de Telas de Proje\u00e7\u00e3o Trip\u00e9 e Telas de Proje\u00e7\u00e3o Mapa e trip\u00e9s em geral. Ideal para o uso profissional, educacional ou corporativo. Confeccionada em material resistente para melhor preservar a integridade dos equipamentos transportados.<\/p>\n<p><strong>Especifica\u00e7\u00f5es:<\/strong><\/p>\n<p>* Confeccionada em Nylon refor\u00e7ado de Alta Resist\u00eancia<br \/>\n* Suporta projetores de at\u00e9 15Kg<br \/>\n* Zipper refor\u00e7ado em toda a extens\u00e3o da bolsa<br \/>\n* Al\u00e7a anat\u00f4mica para transporte<br \/>\n* Acondicionamento r\u00e1pido e f\u00e1cil<br \/>\n* Mant\u00e9m a integridade dos equipamentos<br \/>\n* Dispon\u00edvel na cor Preta<br \/>\n* Design moderno<\/p>\n","protected":false},"excerpt":{"rendered":"<p><strong>Modelo: ABT &#8211; 003<\/strong><br \/>\n* Bolsa p\/ Telas de at\u00e9 200 cm<br \/>\n* Dimens\u00f5es: 215 X 15 cm<\/p>\n","protected":false},"featured_media":2058,"comment_status":"open","ping_status":"closed","template":"","meta":[],"product_brand":[],"product_cat":[231],"product_tag":[],"class_list":{"0":"post-2099","1":"product","2":"type-product","3":"status-publish","4":"has-post-thumbnail","6":"product_cat-acessorios","8":"first","9":"outofstock","10":"taxable","11":"shipping-taxable","12":"purchasable","13":"product-type-simple"},"aioseo_notices":[],"_links":{"self":[{"href":"https:\/\/centralprojetores.com.br\/loja\/wp-json\/wp\/v2\/product\/2099","targetHints":{"allow":["GET"]}}],"collection":[{"href":"https:\/\/centralprojetores.com.br\/loja\/wp-json\/wp\/v2\/product"}],"about":[{"href":"https:\/\/centralprojetores.com.br\/loja\/wp-json\/wp\/v2\/types\/product"}],"replies":[{"embeddable":true,"href":"https:\/\/centralprojetores.com.br\/loja\/wp-json\/wp\/v2\/comments?post=2099"}],"wp:featuredmedia":[{"embeddable":true,"href":"https:\/\/centralprojetores.com.br\/loja\/wp-json\/wp\/v2\/media\/2058"}],"wp:attachment":[{"href":"https:\/\/centralprojetores.com.br\/loja\/wp-json\/wp\/v2\/media?parent=2099"}],"wp:term":[{"taxonomy":"product_brand","embeddable":true,"href":"https:\/\/centralprojetores.com.br\/loja\/wp-json\/wp\/v2\/product_brand?post=2099"},{"taxonomy":"product_cat","embeddable":true,"href":"https:\/\/centralprojetores.com.br\/loja\/wp-json\/wp\/v2\/product_cat?post=2099"},{"taxonomy":"product_tag","embeddable":true,"href":"https:\/\/centralprojetores.com.br\/loja\/wp-json\/wp\/v2\/product_tag?post=2099"}],"curies":[{"name":"wp","href":"https:\/\/api.w.org\/{rel}","templated":true}]}}