{"id":115,"date":"2020-04-03T23:58:18","date_gmt":"2020-04-04T02:58:18","guid":{"rendered":"https:\/\/www.centralprojetores.com.br\/loja\/?post_type=product&#038;p=115"},"modified":"2021-11-19T14:47:12","modified_gmt":"2021-11-19T17:47:12","slug":"tela-de-projecao-tripe-tbtps100v-trace-board-203-x152","status":"publish","type":"product","link":"https:\/\/centralprojetores.com.br\/loja\/produto\/tela-de-projecao-tripe-tbtps100v-trace-board-203-x152","title":{"rendered":"TELA PROJE\u00c7\u00c3O TRIP\u00c9 100&#8243;"},"content":{"rendered":"<p><strong>DESCRI\u00c7\u00c3O<\/strong><br \/>\n&#8211; A tela de proje\u00e7\u00e3o trip\u00e9 \u00e9 um produto de qualidade e port\u00e1til, possibilitando o transporte com facilidade.<br \/>\n&#8211; Ideal para salas de reuni\u00e3o, escolas, igrejas, salas de aula e treinamento.<br \/>\n&#8211; Possui um estojo met\u00e1lico com pintura eletrost\u00e1tica anti-corrosiva que ajuda a proteger sua estrutura contra arranh\u00f5es.<br \/>\n&#8211; Por ter sua superf\u00edcie de proje\u00e7\u00e3o com material importado acetinado branco do tipo Matte-White, ganha uma melhor nitidez e brilho da imagem.<br \/>\n&#8211; Possui multi pontos de parada facilitando o enquadramento da proje\u00e7\u00e3o.<br \/>\n&#8211; Possui trip\u00e9 ajust\u00e1vel.<\/p>\n<p><strong>LIMPEZA E MANUTEN\u00c7\u00c3O<\/strong><br \/>\n&#8211; Aconselha-se limpar a superf\u00edcie branca (\u00e1rea de proje\u00e7\u00e3o) com pano \u00famido com \u00e1gua morna e detergente neutro.<br \/>\n&#8211; Secar com pano em movimentos leves.<\/p>\n<p><strong>ESPECIFICA\u00c7\u00d5ES T\u00c9CNICAS<\/strong><\/p>\n<p>* \u00c1rea de Proje\u00e7\u00e3o: 203 x 152 cm<br \/>\n* Dimens\u00f5es em Polegadas: 100&#8243; (polegadas)<br \/>\n* Formato: 4:3 (Padr\u00e3o)<br \/>\n* Bordas: Sim (preta)<br \/>\n* Tecido: Matte White<br \/>\n* Dimens\u00f5es do Estojo Met\u00e1lico: 07 x 07 x 212 cm<br \/>\n* Altura do Trip\u00e9: 315 cm<br \/>\n* Peso do Produto: 10 Kg<\/p>\n","protected":false},"excerpt":{"rendered":"<p><strong>Modelo: TBTPS100V<\/strong><br \/>\n\u2022 \u00c1rea de Proje\u00e7\u00e3o: 203 x 152 cm<br \/>\n\u2022 Formato: 4:3<\/p>\n","protected":false},"featured_media":2137,"comment_status":"open","ping_status":"closed","template":"","meta":[],"product_brand":[],"product_cat":[230],"product_tag":[],"class_list":{"0":"post-115","1":"product","2":"type-product","3":"status-publish","4":"has-post-thumbnail","6":"product_cat-telas-de-projecao","8":"first","9":"outofstock","10":"sale","11":"taxable","12":"shipping-taxable","13":"purchasable","14":"product-type-simple"},"aioseo_notices":[],"_links":{"self":[{"href":"https:\/\/centralprojetores.com.br\/loja\/wp-json\/wp\/v2\/product\/115","targetHints":{"allow":["GET"]}}],"collection":[{"href":"https:\/\/centralprojetores.com.br\/loja\/wp-json\/wp\/v2\/product"}],"about":[{"href":"https:\/\/centralprojetores.com.br\/loja\/wp-json\/wp\/v2\/types\/product"}],"replies":[{"embeddable":true,"href":"https:\/\/centralprojetores.com.br\/loja\/wp-json\/wp\/v2\/comments?post=115"}],"wp:featuredmedia":[{"embeddable":true,"href":"https:\/\/centralprojetores.com.br\/loja\/wp-json\/wp\/v2\/media\/2137"}],"wp:attachment":[{"href":"https:\/\/centralprojetores.com.br\/loja\/wp-json\/wp\/v2\/media?parent=115"}],"wp:term":[{"taxonomy":"product_brand","embeddable":true,"href":"https:\/\/centralprojetores.com.br\/loja\/wp-json\/wp\/v2\/product_brand?post=115"},{"taxonomy":"product_cat","embeddable":true,"href":"https:\/\/centralprojetores.com.br\/loja\/wp-json\/wp\/v2\/product_cat?post=115"},{"taxonomy":"product_tag","embeddable":true,"href":"https:\/\/centralprojetores.com.br\/loja\/wp-json\/wp\/v2\/product_tag?post=115"}],"curies":[{"name":"wp","href":"https:\/\/api.w.org\/{rel}","templated":true}]}}