{"id":113,"date":"2020-04-03T23:47:46","date_gmt":"2020-04-04T02:47:46","guid":{"rendered":"https:\/\/www.centralprojetores.com.br\/loja\/?post_type=product&#038;p=113"},"modified":"2021-11-19T14:47:13","modified_gmt":"2021-11-19T17:47:13","slug":"tela-de-projecao-mapa-serie-a-tmm-180s-tes","status":"publish","type":"product","link":"https:\/\/centralprojetores.com.br\/loja\/produto\/tela-de-projecao-mapa-serie-a-tmm-180s-tes","title":{"rendered":"TELA PROJE\u00c7\u00c3O MAPA 180 X 180"},"content":{"rendered":"<p><strong>Tela de Proje\u00e7\u00e3o Mapa<\/strong><\/p>\n<p>A tela de proje\u00e7\u00e3o mapa \u00e9 uma excelente op\u00e7\u00e3o para quem busca uma tela de proje\u00e7\u00e3o fixa. Esta tela possui tecido de proje\u00e7\u00e3o Matte White (branco opaco) com ganho de brilho de 1,1 a 1,5 vezes.<br \/>\nOs tubos aos quais o tecido \u00e9 fixado s\u00e3o de a\u00e7o carbono, com pintura na cor preta.<\/p>\n<p>A fixa\u00e7\u00e3o desta tela \u00e9 feito atrav\u00e9s de suportes met\u00e1licos, de forma f\u00e1cil e r\u00e1pida em paredes ou suportes especiais.<\/p>\n","protected":false},"excerpt":{"rendered":"<p><strong>Modelo: TTM 180S<\/strong><br \/>\n\u2022 Formato: 1:1 (quadrado)<br \/>\n\u2022 Diagonal (polegadas): 97&#8243;<br \/>\n\u2022 \u00c1rea de proje\u00e7\u00e3o: 180 X 180 cm<\/p>\n","protected":false},"featured_media":2071,"comment_status":"open","ping_status":"closed","template":"","meta":[],"product_brand":[],"product_cat":[230],"product_tag":[],"class_list":{"0":"post-113","1":"product","2":"type-product","3":"status-publish","4":"has-post-thumbnail","6":"product_cat-telas-de-projecao","8":"first","9":"outofstock","10":"taxable","11":"shipping-taxable","12":"purchasable","13":"product-type-simple"},"aioseo_notices":[],"_links":{"self":[{"href":"https:\/\/centralprojetores.com.br\/loja\/wp-json\/wp\/v2\/product\/113","targetHints":{"allow":["GET"]}}],"collection":[{"href":"https:\/\/centralprojetores.com.br\/loja\/wp-json\/wp\/v2\/product"}],"about":[{"href":"https:\/\/centralprojetores.com.br\/loja\/wp-json\/wp\/v2\/types\/product"}],"replies":[{"embeddable":true,"href":"https:\/\/centralprojetores.com.br\/loja\/wp-json\/wp\/v2\/comments?post=113"}],"wp:featuredmedia":[{"embeddable":true,"href":"https:\/\/centralprojetores.com.br\/loja\/wp-json\/wp\/v2\/media\/2071"}],"wp:attachment":[{"href":"https:\/\/centralprojetores.com.br\/loja\/wp-json\/wp\/v2\/media?parent=113"}],"wp:term":[{"taxonomy":"product_brand","embeddable":true,"href":"https:\/\/centralprojetores.com.br\/loja\/wp-json\/wp\/v2\/product_brand?post=113"},{"taxonomy":"product_cat","embeddable":true,"href":"https:\/\/centralprojetores.com.br\/loja\/wp-json\/wp\/v2\/product_cat?post=113"},{"taxonomy":"product_tag","embeddable":true,"href":"https:\/\/centralprojetores.com.br\/loja\/wp-json\/wp\/v2\/product_tag?post=113"}],"curies":[{"name":"wp","href":"https:\/\/api.w.org\/{rel}","templated":true}]}}